{"id":9,"date":"2024-03-24T01:41:23","date_gmt":"2024-03-24T00:41:23","guid":{"rendered":"https:\/\/filemonaguilar.com\/?page_id=9"},"modified":"2024-08-21T20:43:09","modified_gmt":"2024-08-22T02:43:09","slug":"filemon-aguilar-growth-hacking-marketing-consultor-en-marketing-digital-seo-en-google-y-bing-diseno-web","status":"publish","type":"page","link":"https:\/\/filemonaguilar.com\/","title":{"rendered":"Filem\u00f3n Aguilar | Growth Hacking Marketing | Consultor en Marketing Digital | SEO en Google y Bing | Dise\u00f1o web"},"content":{"rendered":"\t\t<div data-elementor-type=\"wp-page\" data-elementor-id=\"9\" class=\"elementor elementor-9\">\n\t\t\t\t<div class=\"elementor-element elementor-element-4bfe656 e-flex e-con-boxed e-con e-parent\" data-id=\"4bfe656\" data-element_type=\"container\">\n\t\t\t\t\t<div class=\"e-con-inner\">\n\t\t\t\t<div class=\"elementor-element elementor-element-e3dac48 elementor-widget elementor-widget-heading\" data-id=\"e3dac48\" data-element_type=\"widget\" data-widget_type=\"heading.default\">\n\t\t\t\t<div class=\"elementor-widget-container\">\n\t\t\t<h1 class=\"elementor-heading-title elementor-size-default\">Experto en Growth Hacking, \u00bfQue es el Growth Hacking?, Growth Hacker, Dise\u00f1o de p\u00e1ginas web, Dise\u00f1o web, Dise\u00f1ador web, SEO, Posicionamiento web, SEO en Google, SEO en Bing, Experto en Marketing Digital, Consultor en Marketing Digital, Consultor\u00eda en Marketing Digital, Agencia de Marketing, Agencia de dise\u00f1o web, Agencia de p\u00e1ginas web,\u00a0<\/h1>\t\t<\/div>\n\t\t\t\t<\/div>\n\t\t\t\t\t<\/div>\n\t\t\t\t<\/div>\n\t\t<div class=\"elementor-element elementor-element-d51dc63 e-flex e-con-boxed e-con e-parent\" data-id=\"d51dc63\" data-element_type=\"container\">\n\t\t\t\t\t<div class=\"e-con-inner\">\n\t\t\t\t<div class=\"elementor-element elementor-element-c35b820 elementor-widget elementor-widget-heading\" data-id=\"c35b820\" data-element_type=\"widget\" data-widget_type=\"heading.default\">\n\t\t\t\t<div class=\"elementor-widget-container\">\n\t\t\t<h1 class=\"elementor-heading-title elementor-size-default\">Dise\u00f1o tu sitio web y lo llevo a los primeros resultados de Google, atrayendo a miles de clientes a tu negocio. Dise\u00f1o web y SEO en Monterrey | Agencias de dise\u00f1o en Monterrey, Agencia de p\u00e1ginas web, SEO monterrey, Agencias de seo en monterrey, Posicionamiento de p\u00e1ginas web en monterrey, Consultor en Marketing Digital en Monterrey, agencia de paginas web, agencias de dise\u00f1o en monterrey, \nagencias de marketing digital en monterrey, consultor en marketing digital en monterrey, dise\u00f1o de paginas web monterrey<\/h1>\t\t<\/div>\n\t\t\t\t<\/div>\n\t\t\t\t\t<\/div>\n\t\t\t\t<\/div>\n\t\t<div class=\"elementor-element elementor-element-6f3f931 e-flex e-con-boxed e-con e-parent\" data-id=\"6f3f931\" data-element_type=\"container\">\n\t\t\t\t\t<div class=\"e-con-inner\">\n\t\t\t\t\t<\/div>\n\t\t\t\t<\/div>\n\t\t\t\t<\/div>\n\t\t","protected":false},"excerpt":{"rendered":"<p>Experto en Growth Hacking, \u00bfQue es el Growth Hacking?, Growth Hacker, Dise\u00f1o de p\u00e1ginas web, Dise\u00f1o web, Dise\u00f1ador web, SEO, [&hellip;]<\/p>\n","protected":false},"author":1,"featured_media":0,"parent":0,"menu_order":0,"comment_status":"closed","ping_status":"closed","template":"","meta":{"_uag_custom_page_level_css":"","site-sidebar-layout":"no-sidebar","site-content-layout":"plain-container","ast-site-content-layout":"full-width-container","site-content-style":"default","site-sidebar-style":"default","ast-global-header-display":"","ast-banner-title-visibility":"","ast-main-header-display":"","ast-hfb-above-header-display":"","ast-hfb-below-header-display":"","ast-hfb-mobile-header-display":"","site-post-title":"disabled","ast-breadcrumbs-content":"","ast-featured-img":"disabled","footer-sml-layout":"","theme-transparent-header-meta":"enabled","adv-header-id-meta":"","stick-header-meta":"","header-above-stick-meta":"","header-main-stick-meta":"","header-below-stick-meta":"","astra-migrate-meta-layouts":"default","ast-page-background-enabled":"default","ast-page-background-meta":{"desktop":{"background-color":"var(--ast-global-color-4)","background-image":"","background-repeat":"repeat","background-position":"center center","background-size":"auto","background-attachment":"scroll","background-type":"","background-media":"","overlay-type":"","overlay-color":"","overlay-opacity":"","overlay-gradient":""},"tablet":{"background-color":"","background-image":"","background-repeat":"repeat","background-position":"center center","background-size":"auto","background-attachment":"scroll","background-type":"","background-media":"","overlay-type":"","overlay-color":"","overlay-opacity":"","overlay-gradient":""},"mobile":{"background-color":"","background-image":"","background-repeat":"repeat","background-position":"center center","background-size":"auto","background-attachment":"scroll","background-type":"","background-media":"","overlay-type":"","overlay-color":"","overlay-opacity":"","overlay-gradient":""}},"ast-content-background-meta":{"desktop":{"background-color":"var(--ast-global-color-5)","background-image":"","background-repeat":"repeat","background-position":"center center","background-size":"auto","background-attachment":"scroll","background-type":"","background-media":"","overlay-type":"","overlay-color":"","overlay-opacity":"","overlay-gradient":""},"tablet":{"background-color":"var(--ast-global-color-5)","background-image":"","background-repeat":"repeat","background-position":"center center","background-size":"auto","background-attachment":"scroll","background-type":"","background-media":"","overlay-type":"","overlay-color":"","overlay-opacity":"","overlay-gradient":""},"mobile":{"background-color":"var(--ast-global-color-5)","background-image":"","background-repeat":"repeat","background-position":"center center","background-size":"auto","background-attachment":"scroll","background-type":"","background-media":"","overlay-type":"","overlay-color":"","overlay-opacity":"","overlay-gradient":""}},"footnotes":""},"class_list":["post-9","page","type-page","status-publish","hentry"],"yoast_head":"<!-- This site is optimized with the Yoast SEO plugin v23.8 - https:\/\/yoast.com\/wordpress\/plugins\/seo\/ -->\n<title>Filem\u00f3n Aguilar | Experto en Growth Hacking Marketing.<\/title>\n<meta name=\"description\" content=\"Marketing de Crecimiento Acelerado | Consultor\u00eda en Marketing Digital | SEO para Google y Bing | Dise\u00f1o de Sitios Web.\" \/>\n<meta name=\"robots\" content=\"index, follow, max-snippet:-1, max-image-preview:large, max-video-preview:-1\" \/>\n<link rel=\"canonical\" href=\"https:\/\/filemonaguilar.com\/\" \/>\n<meta property=\"og:locale\" content=\"es_ES\" \/>\n<meta property=\"og:type\" content=\"article\" \/>\n<meta property=\"og:title\" content=\"Filem\u00f3n Aguilar | Experto en Growth Hacking Marketing.\" \/>\n<meta property=\"og:description\" content=\"Marketing de Crecimiento Acelerado | Consultor\u00eda en Marketing Digital | SEO para Google y Bing | Dise\u00f1o de Sitios Web.\" \/>\n<meta property=\"og:url\" content=\"https:\/\/filemonaguilar.com\/\" \/>\n<meta property=\"og:site_name\" content=\"Filem\u00f3n Aguilar | Growth Hacking Marketing | Consultor en Marketing Digital | SEO en Google y Bing | Dise\u00f1o web\" \/>\n<meta property=\"article:publisher\" content=\"https:\/\/www.facebook.com\/profile.php?id=100072177651929\" \/>\n<meta property=\"article:modified_time\" content=\"2024-08-22T02:43:09+00:00\" \/>\n<meta name=\"twitter:card\" content=\"summary_large_image\" \/>\n<meta name=\"twitter:site\" content=\"@filemon_aguilar\" \/>\n<meta name=\"twitter:label1\" content=\"Tiempo de lectura\" \/>\n\t<meta name=\"twitter:data1\" content=\"1 minuto\" \/>\n<script type=\"application\/ld+json\" class=\"yoast-schema-graph\">{\"@context\":\"https:\/\/schema.org\",\"@graph\":[{\"@type\":\"WebPage\",\"@id\":\"https:\/\/filemonaguilar.com\/\",\"url\":\"https:\/\/filemonaguilar.com\/\",\"name\":\"Filem\u00f3n Aguilar | Experto en Growth Hacking Marketing.\",\"isPartOf\":{\"@id\":\"https:\/\/filemonaguilar.com\/#website\"},\"datePublished\":\"2024-03-24T00:41:23+00:00\",\"dateModified\":\"2024-08-22T02:43:09+00:00\",\"description\":\"Marketing de Crecimiento Acelerado | Consultor\u00eda en Marketing Digital | SEO para Google y Bing | Dise\u00f1o de Sitios Web.\",\"breadcrumb\":{\"@id\":\"https:\/\/filemonaguilar.com\/#breadcrumb\"},\"inLanguage\":\"es\",\"potentialAction\":[{\"@type\":\"ReadAction\",\"target\":[\"https:\/\/filemonaguilar.com\/\"]}]},{\"@type\":\"BreadcrumbList\",\"@id\":\"https:\/\/filemonaguilar.com\/#breadcrumb\",\"itemListElement\":[{\"@type\":\"ListItem\",\"position\":1,\"name\":\"Portada\",\"item\":\"https:\/\/filemonaguilar.com\/\"},{\"@type\":\"ListItem\",\"position\":2,\"name\":\"Filem\u00f3n Aguilar | Growth Hacking Marketing | Consultor en Marketing Digital | SEO en Google y Bing | Dise\u00f1o web\"}]},{\"@type\":\"WebSite\",\"@id\":\"https:\/\/filemonaguilar.com\/#website\",\"url\":\"https:\/\/filemonaguilar.com\/\",\"name\":\"Filem\u00f3n Aguilar | Growth Hacking Marketing | Consultor en Marketing Digital | SEO en Google y Bing | Dise\u00f1o web\",\"description\":\"\",\"publisher\":{\"@id\":\"https:\/\/filemonaguilar.com\/#organization\"},\"potentialAction\":[{\"@type\":\"SearchAction\",\"target\":{\"@type\":\"EntryPoint\",\"urlTemplate\":\"https:\/\/filemonaguilar.com\/?s={search_term_string}\"},\"query-input\":{\"@type\":\"PropertyValueSpecification\",\"valueRequired\":true,\"valueName\":\"search_term_string\"}}],\"inLanguage\":\"es\"},{\"@type\":\"Organization\",\"@id\":\"https:\/\/filemonaguilar.com\/#organization\",\"name\":\"Filem\u00f3n Aguilar | Growth Hacking Marketing | Consultor en Marketing Digital | SEO en Google y Bing | Dise\u00f1o web\",\"url\":\"https:\/\/filemonaguilar.com\/\",\"logo\":{\"@type\":\"ImageObject\",\"inLanguage\":\"es\",\"@id\":\"https:\/\/filemonaguilar.com\/#\/schema\/logo\/image\/\",\"url\":\"https:\/\/filemonaguilar.com\/wp-content\/uploads\/2024\/03\/Imagen1.png\",\"contentUrl\":\"https:\/\/filemonaguilar.com\/wp-content\/uploads\/2024\/03\/Imagen1.png\",\"width\":1241,\"height\":1177,\"caption\":\"Filem\u00f3n Aguilar | Growth Hacking Marketing | Consultor en Marketing Digital | SEO en Google y Bing | Dise\u00f1o web\"},\"image\":{\"@id\":\"https:\/\/filemonaguilar.com\/#\/schema\/logo\/image\/\"},\"sameAs\":[\"https:\/\/www.facebook.com\/profile.php?id=100072177651929\",\"https:\/\/x.com\/filemon_aguilar\",\"https:\/\/www.linkedin.com\/in\/filemon-aguilar-1300141a8\/\"]}]}<\/script>\n<!-- \/ Yoast SEO plugin. -->","yoast_head_json":{"title":"Filem\u00f3n Aguilar | Experto en Growth Hacking Marketing.","description":"Marketing de Crecimiento Acelerado | Consultor\u00eda en Marketing Digital | SEO para Google y Bing | Dise\u00f1o de Sitios Web.","robots":{"index":"index","follow":"follow","max-snippet":"max-snippet:-1","max-image-preview":"max-image-preview:large","max-video-preview":"max-video-preview:-1"},"canonical":"https:\/\/filemonaguilar.com\/","og_locale":"es_ES","og_type":"article","og_title":"Filem\u00f3n Aguilar | Experto en Growth Hacking Marketing.","og_description":"Marketing de Crecimiento Acelerado | Consultor\u00eda en Marketing Digital | SEO para Google y Bing | Dise\u00f1o de Sitios Web.","og_url":"https:\/\/filemonaguilar.com\/","og_site_name":"Filem\u00f3n Aguilar | Growth Hacking Marketing | Consultor en Marketing Digital | SEO en Google y Bing | Dise\u00f1o web","article_publisher":"https:\/\/www.facebook.com\/profile.php?id=100072177651929","article_modified_time":"2024-08-22T02:43:09+00:00","twitter_card":"summary_large_image","twitter_site":"@filemon_aguilar","twitter_misc":{"Tiempo de lectura":"1 minuto"},"schema":{"@context":"https:\/\/schema.org","@graph":[{"@type":"WebPage","@id":"https:\/\/filemonaguilar.com\/","url":"https:\/\/filemonaguilar.com\/","name":"Filem\u00f3n Aguilar | Experto en Growth Hacking Marketing.","isPartOf":{"@id":"https:\/\/filemonaguilar.com\/#website"},"datePublished":"2024-03-24T00:41:23+00:00","dateModified":"2024-08-22T02:43:09+00:00","description":"Marketing de Crecimiento Acelerado | Consultor\u00eda en Marketing Digital | SEO para Google y Bing | Dise\u00f1o de Sitios Web.","breadcrumb":{"@id":"https:\/\/filemonaguilar.com\/#breadcrumb"},"inLanguage":"es","potentialAction":[{"@type":"ReadAction","target":["https:\/\/filemonaguilar.com\/"]}]},{"@type":"BreadcrumbList","@id":"https:\/\/filemonaguilar.com\/#breadcrumb","itemListElement":[{"@type":"ListItem","position":1,"name":"Portada","item":"https:\/\/filemonaguilar.com\/"},{"@type":"ListItem","position":2,"name":"Filem\u00f3n Aguilar | Growth Hacking Marketing | Consultor en Marketing Digital | SEO en Google y Bing | Dise\u00f1o web"}]},{"@type":"WebSite","@id":"https:\/\/filemonaguilar.com\/#website","url":"https:\/\/filemonaguilar.com\/","name":"Filem\u00f3n Aguilar | Growth Hacking Marketing | Consultor en Marketing Digital | SEO en Google y Bing | Dise\u00f1o web","description":"","publisher":{"@id":"https:\/\/filemonaguilar.com\/#organization"},"potentialAction":[{"@type":"SearchAction","target":{"@type":"EntryPoint","urlTemplate":"https:\/\/filemonaguilar.com\/?s={search_term_string}"},"query-input":{"@type":"PropertyValueSpecification","valueRequired":true,"valueName":"search_term_string"}}],"inLanguage":"es"},{"@type":"Organization","@id":"https:\/\/filemonaguilar.com\/#organization","name":"Filem\u00f3n Aguilar | Growth Hacking Marketing | Consultor en Marketing Digital | SEO en Google y Bing | Dise\u00f1o web","url":"https:\/\/filemonaguilar.com\/","logo":{"@type":"ImageObject","inLanguage":"es","@id":"https:\/\/filemonaguilar.com\/#\/schema\/logo\/image\/","url":"https:\/\/filemonaguilar.com\/wp-content\/uploads\/2024\/03\/Imagen1.png","contentUrl":"https:\/\/filemonaguilar.com\/wp-content\/uploads\/2024\/03\/Imagen1.png","width":1241,"height":1177,"caption":"Filem\u00f3n Aguilar | Growth Hacking Marketing | Consultor en Marketing Digital | SEO en Google y Bing | Dise\u00f1o web"},"image":{"@id":"https:\/\/filemonaguilar.com\/#\/schema\/logo\/image\/"},"sameAs":["https:\/\/www.facebook.com\/profile.php?id=100072177651929","https:\/\/x.com\/filemon_aguilar","https:\/\/www.linkedin.com\/in\/filemon-aguilar-1300141a8\/"]}]}},"uagb_featured_image_src":{"full":false,"thumbnail":false,"medium":false,"medium_large":false,"large":false,"1536x1536":false,"2048x2048":false},"uagb_author_info":{"display_name":"filemonaguilar.com","author_link":"https:\/\/filemonaguilar.com\/index.php\/author\/filemonaguilar-com\/"},"uagb_comment_info":0,"uagb_excerpt":"Experto en Growth Hacking, \u00bfQue es el Growth Hacking?, Growth Hacker, Dise\u00f1o de p\u00e1ginas web, Dise\u00f1o web, Dise\u00f1ador web, SEO, [&hellip;]","_links":{"self":[{"href":"https:\/\/filemonaguilar.com\/index.php\/wp-json\/wp\/v2\/pages\/9"}],"collection":[{"href":"https:\/\/filemonaguilar.com\/index.php\/wp-json\/wp\/v2\/pages"}],"about":[{"href":"https:\/\/filemonaguilar.com\/index.php\/wp-json\/wp\/v2\/types\/page"}],"author":[{"embeddable":true,"href":"https:\/\/filemonaguilar.com\/index.php\/wp-json\/wp\/v2\/users\/1"}],"replies":[{"embeddable":true,"href":"https:\/\/filemonaguilar.com\/index.php\/wp-json\/wp\/v2\/comments?post=9"}],"version-history":[{"count":137,"href":"https:\/\/filemonaguilar.com\/index.php\/wp-json\/wp\/v2\/pages\/9\/revisions"}],"predecessor-version":[{"id":412,"href":"https:\/\/filemonaguilar.com\/index.php\/wp-json\/wp\/v2\/pages\/9\/revisions\/412"}],"wp:attachment":[{"href":"https:\/\/filemonaguilar.com\/index.php\/wp-json\/wp\/v2\/media?parent=9"}],"curies":[{"name":"wp","href":"https:\/\/api.w.org\/{rel}","templated":true}]}}